{"id":6,"date":"2016-04-07T18:49:21","date_gmt":"2016-04-07T18:49:21","guid":{"rendered":"http:\/\/haircutsforanyone.com\/fr\/?page_id=6"},"modified":"2016-09-07T21:36:10","modified_gmt":"2016-09-07T21:36:10","slug":"home","status":"publish","type":"page","link":"https:\/\/haircutsforanyone.com\/fr\/","title":{"rendered":"Home"},"content":{"rendered":"<div id=\"aq-template-wrapper-37\" class=\"aq-template-wrapper aq_row\"><div id=\"prendre-rendez-vous\" class=\" template-wrap cf\" style=\"padding-bottom:10px; padding-top:10px;\"  >\r\n\t\t<div class=\"parallax\" style=\" background-color:#92d1be;  background-repeat:no-repeat; \" ><\/div>\r\n\t\t<div class=\"container\"><div class=\"row\"><div class=\"span12\"><div class=\"animation-wrapper\"><p class=\"\" style=\"font-size:30px;margin-top:10px;margin-bottom:10px; text-align:center; \"><a href=\"https:\/\/haircutsforanyone.setmore.com\">CLIQUEZ POUR PRENDRE RENDEZ-VOUS AUJOURD'HUI!<\/a><\/p><\/div><\/div>\n<\/div><\/div><\/div><div id=\"a-propos\" class=\" template-wrap cf\" style=\"padding-bottom:10px; padding-top:10px;\"  >\r\n\t\t<div class=\"parallax\" style=\" background-color:#cad9f7; background-position:top left; background-repeat:repeat; \" ><\/div>\r\n\t\t<div class=\"container\"><div class=\"row\"><div class=\"animation-wrapper col-md-12\" style=\"margin:10px 0 10px;\" >\r\n\t\t\t<div class=\"heading-title-wrapper \" >\r\n\t\t\t\t<h2 class=\"title\">Le salon Coupes de cheveux pour tous est situ\u00e9 \u00e0 Montr\u00e9al, QC.<\/h2>\r\n\t\t\t\t<span class=\"line-title\" style=\"background-color:#fafafa\"><\/span>\r\n\t\t\t\t<span class=\"sub-title\">Voil\u00e0 10 ans que notre espace libre de jugement et accueillant aux individus queer et trans permet \u00e0 toute personne de se faire couper les cheveux sur rendez-vous. Payez ce que vous pouvez entre 40 et 80 $ et vous obtiendrez une coupe \u00e0 votre go\u00fbt. Peu importe votre \u00e2ge, votre genre, votre orientation sexuelle, votre type de chevelure ou la longueur de vos cheveux, le salon est en mesure de vous accueillir.<\/span>\r\n\t\t\t<\/div><\/div><!-- END ET-HEADING-TITLE-BLOCK --><div class=\"span12\"><p class=\"animation-wrapper\" style=\"text-align:center; margin:10px 0 20px\"><a target=\"_blank\" href=\"https:\/\/www.facebook.com\/Haircuts-for-Anyone-Coupes-de-cheveux-pour-tous-88805588999\/\" class=\"btn btn-oe \" >Trouvez-nous sur Facebook<\/a><\/p><\/div><div class=\"list-services-wrapper animation-wrapper\" style=\"margin:10px 0 10px;\">\r\n\t\t\t\t<div class=\"col-md-4 \" >\r\n\t\t\t\t\t<div class=\"service-wrapper\">\r\n\t\t\t\t\t\t<span class=\"icon\"><i class=\"fa fa-calendar\"><\/i><\/span>\r\n\t\t\t\t\t\t<h2 class=\"title\">Rendez-vous<\/h2>\r\n\t\t\t\t\t\t<p>Nous recommandons de prendre rendez-vous une semaine ou deux \u00e0 l\u2019avance. Toutefois, il est parfois possible d\u2019obtenir un rendez-vous le jour m\u00eame ou au cours de la semaine. Veuillez consulter le lien de r\u00e9servation en ligne ci-dessous. <\/p>\r\n\t\t\t\t\t<\/div>\r\n\t\t\t\t<\/div>\r\n\t\t\t\r\n\t\t\t\t<div class=\"col-md-4 \" >\r\n\t\t\t\t\t<div class=\"service-wrapper\">\r\n\t\t\t\t\t\t<span class=\"icon\"><i class=\"fa fa-clock-o\"><\/i><\/span>\r\n\t\t\t\t\t\t<h2 class=\"title\">Heures d\u2019ouverture<\/h2>\r\n\t\t\t\t\t\t<p>Nos services sont disponibles lundi-vendredi sur rendez-vous uniquement <\/p>\r\n\t\t\t\t\t<\/div>\r\n\t\t\t\t<\/div>\r\n\t\t\t\r\n\t\t\t\t<div class=\"col-md-4 \" >\r\n\t\t\t\t\t<div class=\"service-wrapper\">\r\n\t\t\t\t\t\t<span class=\"icon\"><i class=\"fa fa-location-arrow\"><\/i><\/span>\r\n\t\t\t\t\t\t<h2 class=\"title\">Comment s\u2019y rendre<\/h2>\r\n\t\t\t\t\t\t<p>Nous nous trouvons \u00e0 cinq minutes de marche de station de m\u00e9tro Beaubien. \u00c0 moins d\u2019une minute de marche de l\u2019autobus 31 St-Denis (descendre \u00e0 la hauteur de St-Zotique) et de l'autobus 30 St-Hubert (descendre \u00e0 la hauteur de St-Zotique).<\/p>\r\n\t\t\t\t\t<\/div>\r\n\t\t\t\t<\/div>\r\n\t\t\t<\/div><!-- END ET-SERVICES-BLOCK -->\n<\/div><\/div><\/div><\/div>\n","protected":false},"excerpt":{"rendered":"","protected":false},"author":1,"featured_media":181,"parent":0,"menu_order":0,"comment_status":"closed","ping_status":"closed","template":"page-home.php","meta":[],"yoast_head":"<!-- This site is optimized with the Yoast SEO plugin v16.3 - https:\/\/yoast.com\/wordpress\/plugins\/seo\/ -->\n<meta name=\"robots\" content=\"index, follow, max-snippet:-1, max-image-preview:large, max-video-preview:-1\" \/>\n<link rel=\"canonical\" href=\"https:\/\/haircutsforanyone.com\/fr\/\" \/>\n<meta property=\"og:locale\" content=\"fr_CA\" \/>\n<meta property=\"og:type\" content=\"article\" \/>\n<meta property=\"og:title\" content=\"Home - Coupes de cheveux pour tous\" \/>\n<meta property=\"og:url\" content=\"https:\/\/haircutsforanyone.com\/fr\/\" \/>\n<meta property=\"og:site_name\" content=\"Coupes de cheveux pour tous\" \/>\n<meta property=\"article:modified_time\" content=\"2016-09-07T21:36:10+00:00\" \/>\n<meta property=\"og:image\" content=\"https:\/\/haircutsforanyone.com\/fr\/wp-content\/uploads\/2016\/04\/JJ-Levine-Haircuts-for-Anyone-3-e1471283103720.jpg\" \/>\n\t<meta property=\"og:image:width\" content=\"1795\" \/>\n\t<meta property=\"og:image:height\" content=\"1333\" \/>\n<meta name=\"twitter:card\" content=\"summary\" \/>\n<script type=\"application\/ld+json\" class=\"yoast-schema-graph\">{\"@context\":\"https:\/\/schema.org\",\"@graph\":[{\"@type\":\"WebSite\",\"@id\":\"https:\/\/haircutsforanyone.com\/fr\/#website\",\"url\":\"https:\/\/haircutsforanyone.com\/fr\/\",\"name\":\"Coupes de cheveux pour tous\",\"description\":\"\",\"potentialAction\":[{\"@type\":\"SearchAction\",\"target\":\"https:\/\/haircutsforanyone.com\/fr\/?s={search_term_string}\",\"query-input\":\"required name=search_term_string\"}],\"inLanguage\":\"fr-CA\"},{\"@type\":\"ImageObject\",\"@id\":\"https:\/\/haircutsforanyone.com\/fr\/#primaryimage\",\"inLanguage\":\"fr-CA\",\"url\":\"https:\/\/haircutsforanyone.com\/fr\/wp-content\/uploads\/2016\/04\/JJ-Levine-Haircuts-for-Anyone-3-e1471283103720.jpg\",\"contentUrl\":\"https:\/\/haircutsforanyone.com\/fr\/wp-content\/uploads\/2016\/04\/JJ-Levine-Haircuts-for-Anyone-3-e1471283103720.jpg\",\"width\":1795,\"height\":1333},{\"@type\":\"WebPage\",\"@id\":\"https:\/\/haircutsforanyone.com\/fr\/#webpage\",\"url\":\"https:\/\/haircutsforanyone.com\/fr\/\",\"name\":\"Home - Coupes de cheveux pour tous\",\"isPartOf\":{\"@id\":\"https:\/\/haircutsforanyone.com\/fr\/#website\"},\"primaryImageOfPage\":{\"@id\":\"https:\/\/haircutsforanyone.com\/fr\/#primaryimage\"},\"datePublished\":\"2016-04-07T18:49:21+00:00\",\"dateModified\":\"2016-09-07T21:36:10+00:00\",\"breadcrumb\":{\"@id\":\"https:\/\/haircutsforanyone.com\/fr\/#breadcrumb\"},\"inLanguage\":\"fr-CA\",\"potentialAction\":[{\"@type\":\"ReadAction\",\"target\":[\"https:\/\/haircutsforanyone.com\/fr\/\"]}]},{\"@type\":\"BreadcrumbList\",\"@id\":\"https:\/\/haircutsforanyone.com\/fr\/#breadcrumb\",\"itemListElement\":[{\"@type\":\"ListItem\",\"position\":1,\"item\":{\"@type\":\"WebPage\",\"@id\":\"https:\/\/haircutsforanyone.com\/fr\/\",\"url\":\"https:\/\/haircutsforanyone.com\/fr\/\",\"name\":\"Home\"}},{\"@type\":\"ListItem\",\"position\":2,\"item\":{\"@id\":\"https:\/\/haircutsforanyone.com\/fr\/#webpage\"}}]}]}<\/script>\n<!-- \/ Yoast SEO plugin. -->","_links":{"self":[{"href":"https:\/\/haircutsforanyone.com\/fr\/wp-json\/wp\/v2\/pages\/6"}],"collection":[{"href":"https:\/\/haircutsforanyone.com\/fr\/wp-json\/wp\/v2\/pages"}],"about":[{"href":"https:\/\/haircutsforanyone.com\/fr\/wp-json\/wp\/v2\/types\/page"}],"author":[{"embeddable":true,"href":"https:\/\/haircutsforanyone.com\/fr\/wp-json\/wp\/v2\/users\/1"}],"replies":[{"embeddable":true,"href":"https:\/\/haircutsforanyone.com\/fr\/wp-json\/wp\/v2\/comments?post=6"}],"version-history":[{"count":3,"href":"https:\/\/haircutsforanyone.com\/fr\/wp-json\/wp\/v2\/pages\/6\/revisions"}],"predecessor-version":[{"id":209,"href":"https:\/\/haircutsforanyone.com\/fr\/wp-json\/wp\/v2\/pages\/6\/revisions\/209"}],"wp:featuredmedia":[{"embeddable":true,"href":"https:\/\/haircutsforanyone.com\/fr\/wp-json\/wp\/v2\/media\/181"}],"wp:attachment":[{"href":"https:\/\/haircutsforanyone.com\/fr\/wp-json\/wp\/v2\/media?parent=6"}],"curies":[{"name":"wp","href":"https:\/\/api.w.org\/{rel}","templated":true}]}}